{"id":16,"date":"2026-02-11T20:06:48","date_gmt":"2026-02-12T01:06:48","guid":{"rendered":"https:\/\/mespiecesautoparts.ca\/?page_id=16"},"modified":"2026-03-23T03:14:01","modified_gmt":"2026-03-23T07:14:01","slug":"pieces-remorque","status":"publish","type":"page","link":"https:\/\/mespiecesautoparts.ca\/en\/pieces-remorque\/","title":{"rendered":"TRAILER PARTS"},"content":{"rendered":"<div data-elementor-type=\"wp-page\" data-elementor-id=\"16\" class=\"elementor elementor-16\" data-elementor-post-type=\"page\">\n\t\t\t\t<div class=\"elementor-element elementor-element-6041bca1 e-flex e-con-boxed e-con e-parent\" data-id=\"6041bca1\" data-element_type=\"container\" data-e-type=\"container\" data-settings=\"{&quot;background_background&quot;:&quot;classic&quot;}\">\n\t\t\t\t\t<div class=\"e-con-inner\">\n\t\t\t\t<div class=\"elementor-element elementor-element-27c759b2 elementor-widget elementor-widget-heading\" data-id=\"27c759b2\" data-element_type=\"widget\" data-e-type=\"widget\" data-widget_type=\"heading.default\">\n\t\t\t\t\t<h2 class=\"elementor-heading-title elementor-size-default\">TRAILER PARTS<\/h2>\t\t\t\t<\/div>\n\t\t\t\t\t<\/div>\n\t\t\t\t<\/div>\n\t\t<div class=\"elementor-element elementor-element-1731726b e-flex e-con-boxed e-con e-parent\" data-id=\"1731726b\" data-element_type=\"container\" data-e-type=\"container\" data-settings=\"{&quot;background_background&quot;:&quot;classic&quot;}\">\n\t\t\t\t\t<div class=\"e-con-inner\">\n\t\t<div class=\"elementor-element elementor-element-259d6f4 e-con-full e-flex e-con e-child\" data-id=\"259d6f4\" data-element_type=\"container\" data-e-type=\"container\">\n\t\t\t\t<div class=\"elementor-element elementor-element-a051e00 elementor-widget elementor-widget-image\" data-id=\"a051e00\" data-element_type=\"widget\" data-e-type=\"widget\" data-widget_type=\"image.default\">\n\t\t\t\t\t\t\t\t\t\t\t\t\t\t\t\t<a href=\"https:\/\/www.mariusgaron.com\/fr\/catalogue\/\">\n\t\t\t\t\t\t\t<img fetchpriority=\"high\" decoding=\"async\" data-attachment-id=\"542\" data-permalink=\"https:\/\/mespiecesautoparts.ca\/en\/pieces-auto\/marius-gagnon-logo\/\" data-orig-file=\"https:\/\/i0.wp.com\/mespiecesautoparts.ca\/wp-content\/uploads\/2026\/03\/MARIUS-GAGNON-LOGO.png?fit=1024%2C1024&amp;ssl=1\" data-orig-size=\"1024,1024\" data-comments-opened=\"1\" data-image-meta=\"{&quot;aperture&quot;:&quot;0&quot;,&quot;credit&quot;:&quot;&quot;,&quot;camera&quot;:&quot;&quot;,&quot;caption&quot;:&quot;&quot;,&quot;created_timestamp&quot;:&quot;0&quot;,&quot;copyright&quot;:&quot;&quot;,&quot;focal_length&quot;:&quot;0&quot;,&quot;iso&quot;:&quot;0&quot;,&quot;shutter_speed&quot;:&quot;0&quot;,&quot;title&quot;:&quot;&quot;,&quot;orientation&quot;:&quot;0&quot;}\" data-image-title=\"MARIUS GAGNON LOGO\" data-image-description=\"\" data-image-caption=\"\" data-large-file=\"https:\/\/i0.wp.com\/mespiecesautoparts.ca\/wp-content\/uploads\/2026\/03\/MARIUS-GAGNON-LOGO.png?fit=800%2C800&amp;ssl=1\" width=\"300\" height=\"300\" src=\"https:\/\/i0.wp.com\/mespiecesautoparts.ca\/wp-content\/uploads\/2026\/03\/MARIUS-GAGNON-LOGO.png?fit=300%2C300&amp;ssl=1\" class=\"attachment-medium size-medium wp-image-542\" alt=\"\" srcset=\"https:\/\/i0.wp.com\/mespiecesautoparts.ca\/wp-content\/uploads\/2026\/03\/MARIUS-GAGNON-LOGO.png?w=1024&amp;ssl=1 1024w, https:\/\/i0.wp.com\/mespiecesautoparts.ca\/wp-content\/uploads\/2026\/03\/MARIUS-GAGNON-LOGO.png?resize=300%2C300&amp;ssl=1 300w, https:\/\/i0.wp.com\/mespiecesautoparts.ca\/wp-content\/uploads\/2026\/03\/MARIUS-GAGNON-LOGO.png?resize=150%2C150&amp;ssl=1 150w, https:\/\/i0.wp.com\/mespiecesautoparts.ca\/wp-content\/uploads\/2026\/03\/MARIUS-GAGNON-LOGO.png?resize=768%2C768&amp;ssl=1 768w, https:\/\/i0.wp.com\/mespiecesautoparts.ca\/wp-content\/uploads\/2026\/03\/MARIUS-GAGNON-LOGO.png?resize=12%2C12&amp;ssl=1 12w\" sizes=\"(max-width: 300px) 100vw, 300px\" \/>\t\t\t\t\t\t\t\t<\/a>\n\t\t\t\t\t\t\t\t\t\t\t\t\t\t\t<\/div>\n\t\t\t\t<\/div>\n\t\t\t\t\t<\/div>\n\t\t\t\t<\/div>\n\t\t<div class=\"elementor-element elementor-element-1576394 e-flex e-con-boxed e-con e-parent\" data-id=\"1576394\" data-element_type=\"container\" data-e-type=\"container\">\n\t\t\t\t\t<div class=\"e-con-inner\">\n\t\t\t\t<div class=\"elementor-element elementor-element-7f260db elementor-widget elementor-widget-heading\" data-id=\"7f260db\" data-element_type=\"widget\" data-e-type=\"widget\" data-widget_type=\"heading.default\">\n\t\t\t\t\t<h2 class=\"elementor-heading-title elementor-size-default\">PI\u00c8CES EN VEDETTE<\/h2>\t\t\t\t<\/div>\n\t\t<div class=\"elementor-element elementor-element-0bcb9e5 e-grid e-con-full e-con e-child\" data-id=\"0bcb9e5\" data-element_type=\"container\" data-e-type=\"container\">\n\t\t\t\t<\/div>\n\t\t\t\t\t<\/div>\n\t\t\t\t<\/div>\n\t\t<div class=\"elementor-element elementor-element-2abe0195 e-flex e-con-boxed e-con e-parent\" data-id=\"2abe0195\" data-element_type=\"container\" data-e-type=\"container\" data-settings=\"{&quot;background_background&quot;:&quot;classic&quot;}\">\n\t\t\t\t\t<div class=\"e-con-inner\">\n\t\t<div class=\"elementor-element elementor-element-35ed9bd4 e-con-full e-flex e-con e-child\" data-id=\"35ed9bd4\" data-element_type=\"container\" data-e-type=\"container\">\n\t\t\t\t<div class=\"elementor-element elementor-element-6850903c elementor-widget__width-initial elementor-widget elementor-widget-heading\" data-id=\"6850903c\" data-element_type=\"widget\" data-e-type=\"widget\" data-widget_type=\"heading.default\">\n\t\t\t\t\t<h2 class=\"elementor-heading-title elementor-size-default\">QUESTIONS?<\/h2>\t\t\t\t<\/div>\n\t\t\t\t<\/div>\n\t\t<div class=\"elementor-element elementor-element-38ef21b e-con-full e-flex e-con e-child\" data-id=\"38ef21b\" data-element_type=\"container\" data-e-type=\"container\">\n\t\t\t\t<div class=\"elementor-element elementor-element-2dc9a088 elementor-widget elementor-widget-button\" data-id=\"2dc9a088\" data-element_type=\"widget\" data-e-type=\"widget\" data-widget_type=\"button.default\">\n\t\t\t\t\t\t\t\t\t\t<a class=\"elementor-button elementor-button-link elementor-size-sm\" href=\"tel:8192055444\">\n\t\t\t\t\t\t<span class=\"elementor-button-content-wrapper\">\n\t\t\t\t\t\t<span class=\"elementor-button-icon\">\n\t\t\t\t<svg aria-hidden=\"true\" class=\"e-font-icon-svg e-fas-phone-alt\" viewbox=\"0 0 512 512\" xmlns=\"http:\/\/www.w3.org\/2000\/svg\"><path d=\"M497.39 361.8l-112-48a24 24 0 0 0-28 6.9l-49.6 60.6A370.66 370.66 0 0 1 130.6 204.11l60.6-49.6a23.94 23.94 0 0 0 6.9-28l-48-112A24.16 24.16 0 0 0 122.6.61l-104 24A24 24 0 0 0 0 48c0 256.5 207.9 464 464 464a24 24 0 0 0 23.4-18.6l24-104a24.29 24.29 0 0 0-14.01-27.6z\"><\/path><\/svg>\t\t\t<\/span>\n\t\t\t\t\t\t\t\t\t<span class=\"elementor-button-text\">CALL US<\/span>\n\t\t\t\t\t<\/span>\n\t\t\t\t\t<\/a>\n\t\t\t\t\t\t\t\t<\/div>\n\t\t\t\t<\/div>\n\t\t\t\t\t<\/div>\n\t\t\t\t<\/div>\n\t\t\t\t<\/div>","protected":false},"excerpt":{"rendered":"<p>PI\u00c8CES REMORQUE &lt;a href=\u00a0\u00bbhttps:\/\/www.mariusgaron.com\/fr\/catalogue\/\u00a0\u00bb&gt; &lt;img width=\u00a0\u00bb300&Prime; height=\u00a0\u00bb300&Prime; src=\u00a0\u00bbhttps:\/\/mespiecesautoparts.ca\/wp-content\/uploads\/2026\/03\/MARIUS-GAGNON-LOGO-300&#215;300.png\u00a0\u00bb alt=\u00a0\u00bb\u00a0\u00bb srcset=\u00a0\u00bbhttps:\/\/i0.wp.com\/mespiecesautoparts.ca\/wp-content\/uploads\/2026\/03\/MARIUS-GAGNON-LOGO.png?resize=300%2C300&amp;ssl=1 300w, <a href=\"https:\/\/i0.wp.com\/mespiecesautoparts.ca\/wp-content\/uploads\/2026\/03\/MARIUS-GAGNON-LOGO.png?resize=150%2C150&#038;ssl=1\" rel=\"nofollow\">https:\/\/i0.wp.com\/mespiecesautoparts.ca\/wp-content\/uploads\/2026\/03\/MARIUS-GAGNON-LOGO.png?resize=150%2C150&#038;ssl=1<\/a> 150w, <a href=\"https:\/\/i0.wp.com\/mespiecesautoparts.ca\/wp-content\/uploads\/2026\/03\/MARIUS-GAGNON-LOGO.png?resize=768%2C768&#038;ssl=1\" rel=\"nofollow\">https:\/\/i0.wp.com\/mespiecesautoparts.ca\/wp-content\/uploads\/2026\/03\/MARIUS-GAGNON-LOGO.png?resize=768%2C768&#038;ssl=1<\/a> 768w, <a href=\"https:\/\/i0.wp.com\/mespiecesautoparts.ca\/wp-content\/uploads\/2026\/03\/MARIUS-GAGNON-LOGO.png?resize=12%2C12&#038;ssl=1\" rel=\"nofollow\">https:\/\/i0.wp.com\/mespiecesautoparts.ca\/wp-content\/uploads\/2026\/03\/MARIUS-GAGNON-LOGO.png?resize=12%2C12&#038;ssl=1<\/a> 12w, <a href=\"https:\/\/i0.wp.com\/mespiecesautoparts.ca\/wp-content\/uploads\/2026\/03\/MARIUS-GAGNON-LOGO.png?w=1024&#038;ssl=1\" rel=\"nofollow\">https:\/\/i0.wp.com\/mespiecesautoparts.ca\/wp-content\/uploads\/2026\/03\/MARIUS-GAGNON-LOGO.png?w=1024&#038;ssl=1<\/a> 1024w\u00a0\u00bb sizes=\u00a0\u00bb(max-width: 300px) 100vw, 300px\u00a0\u00bb \/&gt; &lt;\/a&gt; &lt;h2&gt;PI\u00c8CES EN VEDETTE&lt;\/h2&gt; &lt;h2&gt;DES QUESTIONS?&lt;\/h2&gt; &lt;a href=\u00a0\u00bbtel:8192055444&Prime;&gt; &lt;svg aria-hidden=\u00a0\u00bbtrue\u00a0\u00bb viewBox=\u00a0\u00bb0 0 512 512&Prime; xmlns=\u00a0\u00bbhttp:\/\/www.w3.org\/2000\/svg\u00a0\u00bb&gt;&lt;path d=\u00a0\u00bbM497.39 361.8l-112-48a24 24 0 0 0-28 6.9l-49.6 60.6A370.66 370.66 0 0 1 130.6 204.11l60.6-49.6a23.94 23.94 0 [&hellip;]<\/p>\n","protected":false},"author":252898261,"featured_media":0,"parent":0,"menu_order":0,"comment_status":"closed","ping_status":"closed","template":"","meta":{"_crdt_document":"","footnotes":""},"class_list":["post-16","page","type-page","status-publish","hentry"],"yoast_head":"<!-- This site is optimized with the Yoast SEO plugin v27.5 - https:\/\/yoast.com\/product\/yoast-seo-wordpress\/ -->\n<title>PI\u00c8CES REMORQUE - Mes Pi\u00e8ces Autoparts<\/title>\n<meta name=\"robots\" content=\"index, follow, max-snippet:-1, max-image-preview:large, max-video-preview:-1\" \/>\n<link rel=\"canonical\" href=\"https:\/\/mespiecesautoparts.ca\/en\/pieces-remorque\/\" \/>\n<meta property=\"og:locale\" content=\"en_US\" \/>\n<meta property=\"og:type\" content=\"article\" \/>\n<meta property=\"og:title\" content=\"PI\u00c8CES REMORQUE - Mes Pi\u00e8ces Autoparts\" \/>\n<meta property=\"og:description\" content=\"PI\u00c8CES REMORQUE &lt;a href=&quot;https:\/\/www.mariusgaron.com\/fr\/catalogue\/&quot;&gt; &lt;img width=&quot;300&quot; height=&quot;300&quot; src=&quot;https:\/\/mespiecesautoparts.ca\/wp-content\/uploads\/2026\/03\/MARIUS-GAGNON-LOGO-300x300.png&quot; alt=&quot;&quot; srcset=&quot;https:\/\/i0.wp.com\/mespiecesautoparts.ca\/wp-content\/uploads\/2026\/03\/MARIUS-GAGNON-LOGO.png?resize=300%2C300&amp;ssl=1 300w, https:\/\/i0.wp.com\/mespiecesautoparts.ca\/wp-content\/uploads\/2026\/03\/MARIUS-GAGNON-LOGO.png?resize=150%2C150&amp;ssl=1 150w, https:\/\/i0.wp.com\/mespiecesautoparts.ca\/wp-content\/uploads\/2026\/03\/MARIUS-GAGNON-LOGO.png?resize=768%2C768&amp;ssl=1 768w, https:\/\/i0.wp.com\/mespiecesautoparts.ca\/wp-content\/uploads\/2026\/03\/MARIUS-GAGNON-LOGO.png?resize=12%2C12&amp;ssl=1 12w, https:\/\/i0.wp.com\/mespiecesautoparts.ca\/wp-content\/uploads\/2026\/03\/MARIUS-GAGNON-LOGO.png?w=1024&amp;ssl=1 1024w&quot; sizes=&quot;(max-width: 300px) 100vw, 300px&quot; \/&gt; &lt;\/a&gt; &lt;h2&gt;PI\u00c8CES EN VEDETTE&lt;\/h2&gt; &lt;h2&gt;DES QUESTIONS?&lt;\/h2&gt; &lt;a href=&quot;tel:8192055444&quot;&gt; &lt;svg aria-hidden=&quot;true&quot; viewBox=&quot;0 0 512 512&quot; xmlns=&quot;http:\/\/www.w3.org\/2000\/svg&quot;&gt;&lt;path d=&quot;M497.39 361.8l-112-48a24 24 0 0 0-28 6.9l-49.6 60.6A370.66 370.66 0 0 1 130.6 204.11l60.6-49.6a23.94 23.94 0 [&hellip;]\" \/>\n<meta property=\"og:url\" content=\"https:\/\/mespiecesautoparts.ca\/en\/pieces-remorque\/\" \/>\n<meta property=\"og:site_name\" content=\"Mes Pi\u00e8ces Autoparts\" \/>\n<meta property=\"article:publisher\" content=\"https:\/\/www.facebook.com\/profile.php?id=100063082578125\" \/>\n<meta property=\"article:modified_time\" content=\"2026-03-23T07:14:01+00:00\" \/>\n<meta property=\"og:image\" content=\"https:\/\/mespiecesautoparts.ca\/wp-content\/uploads\/2026\/03\/MESPIECESPHOTOSITE-33-731x1024.jpg\" \/>\n\t<meta property=\"og:image:width\" content=\"731\" \/>\n\t<meta property=\"og:image:height\" content=\"1024\" \/>\n\t<meta property=\"og:image:type\" content=\"image\/jpeg\" \/>\n<meta name=\"twitter:card\" content=\"summary_large_image\" \/>\n<meta name=\"twitter:label1\" content=\"Est. reading time\" \/>\n\t<meta name=\"twitter:data1\" content=\"1 minute\" \/>\n<script type=\"application\/ld+json\" class=\"yoast-schema-graph\">{\"@context\":\"https:\\\/\\\/schema.org\",\"@graph\":[{\"@type\":\"WebPage\",\"@id\":\"https:\\\/\\\/mespiecesautoparts.ca\\\/pieces-remorque\\\/\",\"url\":\"https:\\\/\\\/mespiecesautoparts.ca\\\/pieces-remorque\\\/\",\"name\":\"PI\u00c8CES REMORQUE - Mes Pi\u00e8ces Autoparts\",\"isPartOf\":{\"@id\":\"https:\\\/\\\/mespiecesautoparts.ca\\\/#website\"},\"datePublished\":\"2026-02-12T01:06:48+00:00\",\"dateModified\":\"2026-03-23T07:14:01+00:00\",\"breadcrumb\":{\"@id\":\"https:\\\/\\\/mespiecesautoparts.ca\\\/pieces-remorque\\\/#breadcrumb\"},\"inLanguage\":\"en-CA\",\"potentialAction\":[{\"@type\":\"ReadAction\",\"target\":[\"https:\\\/\\\/mespiecesautoparts.ca\\\/pieces-remorque\\\/\"]}]},{\"@type\":\"BreadcrumbList\",\"@id\":\"https:\\\/\\\/mespiecesautoparts.ca\\\/pieces-remorque\\\/#breadcrumb\",\"itemListElement\":[{\"@type\":\"ListItem\",\"position\":1,\"name\":\"Accueil\",\"item\":\"https:\\\/\\\/mespiecesautoparts.ca\\\/\"},{\"@type\":\"ListItem\",\"position\":2,\"name\":\"PI\u00c8CES REMORQUE\"}]},{\"@type\":\"WebSite\",\"@id\":\"https:\\\/\\\/mespiecesautoparts.ca\\\/#website\",\"url\":\"https:\\\/\\\/mespiecesautoparts.ca\\\/\",\"name\":\"Mes Pi\u00e8ces Autoparts\",\"description\":\"Votre r\u00e9f\u00e9rence pour les pi\u00e8ces dans l&#039;Outaouais.\",\"publisher\":{\"@id\":\"https:\\\/\\\/mespiecesautoparts.ca\\\/#organization\"},\"potentialAction\":[{\"@type\":\"SearchAction\",\"target\":{\"@type\":\"EntryPoint\",\"urlTemplate\":\"https:\\\/\\\/mespiecesautoparts.ca\\\/?s={search_term_string}\"},\"query-input\":{\"@type\":\"PropertyValueSpecification\",\"valueRequired\":true,\"valueName\":\"search_term_string\"}}],\"inLanguage\":\"en-CA\"},{\"@type\":\"Organization\",\"@id\":\"https:\\\/\\\/mespiecesautoparts.ca\\\/#organization\",\"name\":\"Mes Pi\u00e8ces Autoparts\",\"url\":\"https:\\\/\\\/mespiecesautoparts.ca\\\/\",\"logo\":{\"@type\":\"ImageObject\",\"inLanguage\":\"en-CA\",\"@id\":\"https:\\\/\\\/mespiecesautoparts.ca\\\/#\\\/schema\\\/logo\\\/image\\\/\",\"url\":\"https:\\\/\\\/mespiecesautoparts.ca\\\/wp-content\\\/uploads\\\/2026\\\/02\\\/LOGO-Mes-Pieces-Autoparts-350x100-1.svg\",\"contentUrl\":\"https:\\\/\\\/mespiecesautoparts.ca\\\/wp-content\\\/uploads\\\/2026\\\/02\\\/LOGO-Mes-Pieces-Autoparts-350x100-1.svg\",\"width\":350,\"height\":100,\"caption\":\"Mes Pi\u00e8ces Autoparts\"},\"image\":{\"@id\":\"https:\\\/\\\/mespiecesautoparts.ca\\\/#\\\/schema\\\/logo\\\/image\\\/\"},\"sameAs\":[\"https:\\\/\\\/www.facebook.com\\\/profile.php?id=100063082578125\"]}]}<\/script>\n<!-- \/ Yoast SEO plugin. -->","yoast_head_json":{"title":"PI\u00c8CES REMORQUE - Mes Pi\u00e8ces Autoparts","robots":{"index":"index","follow":"follow","max-snippet":"max-snippet:-1","max-image-preview":"max-image-preview:large","max-video-preview":"max-video-preview:-1"},"canonical":"https:\/\/mespiecesautoparts.ca\/en\/pieces-remorque\/","og_locale":"en_US","og_type":"article","og_title":"PI\u00c8CES REMORQUE - Mes Pi\u00e8ces Autoparts","og_description":"PI\u00c8CES REMORQUE &lt;a href=\"https:\/\/www.mariusgaron.com\/fr\/catalogue\/\"&gt; &lt;img width=\"300\" height=\"300\" src=\"https:\/\/mespiecesautoparts.ca\/wp-content\/uploads\/2026\/03\/MARIUS-GAGNON-LOGO-300x300.png\" alt=\"\" srcset=\"https:\/\/i0.wp.com\/mespiecesautoparts.ca\/wp-content\/uploads\/2026\/03\/MARIUS-GAGNON-LOGO.png?resize=300%2C300&amp;ssl=1 300w, https:\/\/i0.wp.com\/mespiecesautoparts.ca\/wp-content\/uploads\/2026\/03\/MARIUS-GAGNON-LOGO.png?resize=150%2C150&amp;ssl=1 150w, https:\/\/i0.wp.com\/mespiecesautoparts.ca\/wp-content\/uploads\/2026\/03\/MARIUS-GAGNON-LOGO.png?resize=768%2C768&amp;ssl=1 768w, https:\/\/i0.wp.com\/mespiecesautoparts.ca\/wp-content\/uploads\/2026\/03\/MARIUS-GAGNON-LOGO.png?resize=12%2C12&amp;ssl=1 12w, https:\/\/i0.wp.com\/mespiecesautoparts.ca\/wp-content\/uploads\/2026\/03\/MARIUS-GAGNON-LOGO.png?w=1024&amp;ssl=1 1024w\" sizes=\"(max-width: 300px) 100vw, 300px\" \/&gt; &lt;\/a&gt; &lt;h2&gt;PI\u00c8CES EN VEDETTE&lt;\/h2&gt; &lt;h2&gt;DES QUESTIONS?&lt;\/h2&gt; &lt;a href=\"tel:8192055444\"&gt; &lt;svg aria-hidden=\"true\" viewBox=\"0 0 512 512\" xmlns=\"http:\/\/www.w3.org\/2000\/svg\"&gt;&lt;path d=\"M497.39 361.8l-112-48a24 24 0 0 0-28 6.9l-49.6 60.6A370.66 370.66 0 0 1 130.6 204.11l60.6-49.6a23.94 23.94 0 [&hellip;]","og_url":"https:\/\/mespiecesautoparts.ca\/en\/pieces-remorque\/","og_site_name":"Mes Pi\u00e8ces Autoparts","article_publisher":"https:\/\/www.facebook.com\/profile.php?id=100063082578125","article_modified_time":"2026-03-23T07:14:01+00:00","og_image":[{"width":731,"height":1024,"url":"https:\/\/mespiecesautoparts.ca\/wp-content\/uploads\/2026\/03\/MESPIECESPHOTOSITE-33-731x1024.jpg","type":"image\/jpeg"}],"twitter_card":"summary_large_image","twitter_misc":{"Est. reading time":"1 minute"},"schema":{"@context":"https:\/\/schema.org","@graph":[{"@type":"WebPage","@id":"https:\/\/mespiecesautoparts.ca\/pieces-remorque\/","url":"https:\/\/mespiecesautoparts.ca\/pieces-remorque\/","name":"PI\u00c8CES REMORQUE - Mes Pi\u00e8ces Autoparts","isPartOf":{"@id":"https:\/\/mespiecesautoparts.ca\/#website"},"datePublished":"2026-02-12T01:06:48+00:00","dateModified":"2026-03-23T07:14:01+00:00","breadcrumb":{"@id":"https:\/\/mespiecesautoparts.ca\/pieces-remorque\/#breadcrumb"},"inLanguage":"en-CA","potentialAction":[{"@type":"ReadAction","target":["https:\/\/mespiecesautoparts.ca\/pieces-remorque\/"]}]},{"@type":"BreadcrumbList","@id":"https:\/\/mespiecesautoparts.ca\/pieces-remorque\/#breadcrumb","itemListElement":[{"@type":"ListItem","position":1,"name":"Accueil","item":"https:\/\/mespiecesautoparts.ca\/"},{"@type":"ListItem","position":2,"name":"PI\u00c8CES REMORQUE"}]},{"@type":"WebSite","@id":"https:\/\/mespiecesautoparts.ca\/#website","url":"https:\/\/mespiecesautoparts.ca\/","name":"Mes Pi\u00e8ces Autoparts","description":"Votre r\u00e9f\u00e9rence pour les pi\u00e8ces dans l&#039;Outaouais.","publisher":{"@id":"https:\/\/mespiecesautoparts.ca\/#organization"},"potentialAction":[{"@type":"SearchAction","target":{"@type":"EntryPoint","urlTemplate":"https:\/\/mespiecesautoparts.ca\/?s={search_term_string}"},"query-input":{"@type":"PropertyValueSpecification","valueRequired":true,"valueName":"search_term_string"}}],"inLanguage":"en-CA"},{"@type":"Organization","@id":"https:\/\/mespiecesautoparts.ca\/#organization","name":"Mes Pi\u00e8ces Autoparts","url":"https:\/\/mespiecesautoparts.ca\/","logo":{"@type":"ImageObject","inLanguage":"en-CA","@id":"https:\/\/mespiecesautoparts.ca\/#\/schema\/logo\/image\/","url":"https:\/\/mespiecesautoparts.ca\/wp-content\/uploads\/2026\/02\/LOGO-Mes-Pieces-Autoparts-350x100-1.svg","contentUrl":"https:\/\/mespiecesautoparts.ca\/wp-content\/uploads\/2026\/02\/LOGO-Mes-Pieces-Autoparts-350x100-1.svg","width":350,"height":100,"caption":"Mes Pi\u00e8ces Autoparts"},"image":{"@id":"https:\/\/mespiecesautoparts.ca\/#\/schema\/logo\/image\/"},"sameAs":["https:\/\/www.facebook.com\/profile.php?id=100063082578125"]}]}},"jetpack_shortlink":"https:\/\/wp.me\/Ph2adi-g","jetpack_sharing_enabled":true,"_links":{"self":[{"href":"https:\/\/mespiecesautoparts.ca\/en\/wp-json\/wp\/v2\/pages\/16","targetHints":{"allow":["GET"]}}],"collection":[{"href":"https:\/\/mespiecesautoparts.ca\/en\/wp-json\/wp\/v2\/pages"}],"about":[{"href":"https:\/\/mespiecesautoparts.ca\/en\/wp-json\/wp\/v2\/types\/page"}],"author":[{"embeddable":true,"href":"https:\/\/mespiecesautoparts.ca\/en\/wp-json\/wp\/v2\/users\/252898261"}],"replies":[{"embeddable":true,"href":"https:\/\/mespiecesautoparts.ca\/en\/wp-json\/wp\/v2\/comments?post=16"}],"version-history":[{"count":26,"href":"https:\/\/mespiecesautoparts.ca\/en\/wp-json\/wp\/v2\/pages\/16\/revisions"}],"predecessor-version":[{"id":825,"href":"https:\/\/mespiecesautoparts.ca\/en\/wp-json\/wp\/v2\/pages\/16\/revisions\/825"}],"wp:attachment":[{"href":"https:\/\/mespiecesautoparts.ca\/en\/wp-json\/wp\/v2\/media?parent=16"}],"curies":[{"name":"wp","href":"https:\/\/api.w.org\/{rel}","templated":true}]}}