{"id":650,"date":"2026-03-16T12:18:23","date_gmt":"2026-03-16T16:18:23","guid":{"rendered":"https:\/\/mespiecesautoparts.ca\/?page_id=650"},"modified":"2026-03-23T00:41:02","modified_gmt":"2026-03-23T04:41:02","slug":"blog","status":"publish","type":"page","link":"https:\/\/mespiecesautoparts.ca\/en\/blog\/","title":{"rendered":"BLOG"},"content":{"rendered":"<div data-elementor-type=\"wp-page\" data-elementor-id=\"650\" class=\"elementor elementor-650\" data-elementor-post-type=\"page\">\n\t\t\t\t<div class=\"elementor-element elementor-element-342ee998 e-flex e-con-boxed e-con e-parent\" data-id=\"342ee998\" data-element_type=\"container\" data-e-type=\"container\" data-settings=\"{&quot;background_background&quot;:&quot;classic&quot;}\">\n\t\t\t\t\t<div class=\"e-con-inner\">\n\t\t\t\t<div class=\"elementor-element elementor-element-3c1e6aa0 elementor-widget elementor-widget-heading\" data-id=\"3c1e6aa0\" data-element_type=\"widget\" data-e-type=\"widget\" data-widget_type=\"heading.default\">\n\t\t\t\t\t<h2 class=\"elementor-heading-title elementor-size-default\">OUR BLOG ARTICLES<\/h2>\t\t\t\t<\/div>\n\t\t\t\t\t<\/div>\n\t\t\t\t<\/div>\n\t\t<div class=\"elementor-element elementor-element-4e69811 e-flex e-con-boxed e-con e-parent\" data-id=\"4e69811\" data-element_type=\"container\" data-e-type=\"container\" data-settings=\"{&quot;background_background&quot;:&quot;classic&quot;}\">\n\t\t\t\t\t<div class=\"e-con-inner\">\n\t\t\t\t<div class=\"elementor-element elementor-element-c5fe82b elementor-grid-2 elementor-posts--thumbnail-none elementor-posts--align-center elementor-posts__hover-none elementor-grid-tablet-2 elementor-grid-mobile-1 elementor-widget elementor-widget-posts\" data-id=\"c5fe82b\" data-element_type=\"widget\" data-e-type=\"widget\" data-settings=\"{&quot;cards_columns&quot;:&quot;2&quot;,&quot;cards_columns_tablet&quot;:&quot;2&quot;,&quot;cards_columns_mobile&quot;:&quot;1&quot;,&quot;cards_row_gap&quot;:{&quot;unit&quot;:&quot;px&quot;,&quot;size&quot;:35,&quot;sizes&quot;:[]},&quot;cards_row_gap_tablet&quot;:{&quot;unit&quot;:&quot;px&quot;,&quot;size&quot;:&quot;&quot;,&quot;sizes&quot;:[]},&quot;cards_row_gap_mobile&quot;:{&quot;unit&quot;:&quot;px&quot;,&quot;size&quot;:&quot;&quot;,&quot;sizes&quot;:[]}}\" data-widget_type=\"posts.cards\">\n\t\t\t\t<div class=\"elementor-widget-container\">\n\t\t\t\t\t\t\t<div class=\"elementor-posts-container elementor-posts elementor-posts--skin-cards elementor-grid\" role=\"list\">\n\t\t\t\t<article class=\"elementor-post elementor-grid-item post-604 post type-post status-publish format-standard hentry category-uncategorized\" role=\"listitem\">\n\t\t\t<div class=\"elementor-post__card\">\n\t\t\t\t<div class=\"elementor-post__text\">\n\t\t\t\t<h3 class=\"elementor-post__title\">\n\t\t\t<a href=\"https:\/\/mespiecesautoparts.ca\/en\/2026\/03\/16\/systeme-de-refroidissement-pourquoi-il-protege-votre-moteur\/\" >\n\t\t\t\tCooling system: why does it protect your engine?\t\t\t<\/a>\n\t\t<\/h3>\n\t\t\n\t\t<a class=\"elementor-post__read-more\" href=\"https:\/\/mespiecesautoparts.ca\/en\/2026\/03\/16\/systeme-de-refroidissement-pourquoi-il-protege-votre-moteur\/\" aria-label=\"Read more about Syst\u00e8me de refroidissement : pourquoi il prot\u00e8ge votre moteur?\" tabindex=\"-1\" >\n\t\t\tREAD THE REST \u00bb\t\t<\/a>\n\n\t\t\t\t<\/div>\n\t\t\t\t\t<\/div>\n\t\t<\/article>\n\t\t\t\t<article class=\"elementor-post elementor-grid-item post-601 post type-post status-publish format-standard hentry category-uncategorized\" role=\"listitem\">\n\t\t\t<div class=\"elementor-post__card\">\n\t\t\t\t<div class=\"elementor-post__text\">\n\t\t\t\t<h3 class=\"elementor-post__title\">\n\t\t\t<a href=\"https:\/\/mespiecesautoparts.ca\/en\/2026\/03\/16\/comprendre-le-systeme-de-freinage-dune-voiture-les-pieces-essentielles\/\" >\n\t\t\t\tUnderstanding a car\u2019s braking system: essential components!\t\t\t<\/a>\n\t\t<\/h3>\n\t\t\n\t\t<a class=\"elementor-post__read-more\" href=\"https:\/\/mespiecesautoparts.ca\/en\/2026\/03\/16\/comprendre-le-systeme-de-freinage-dune-voiture-les-pieces-essentielles\/\" aria-label=\"Read more about Comprendre le syst\u00e8me de freinage d\u2019une voiture : les pi\u00e8ces essentielles!\" tabindex=\"-1\" >\n\t\t\tREAD THE REST \u00bb\t\t<\/a>\n\n\t\t\t\t<\/div>\n\t\t\t\t\t<\/div>\n\t\t<\/article>\n\t\t\t\t<article class=\"elementor-post elementor-grid-item post-598 post type-post status-publish format-standard hentry category-uncategorized\" role=\"listitem\">\n\t\t\t<div class=\"elementor-post__card\">\n\t\t\t\t<div class=\"elementor-post__text\">\n\t\t\t\t<h3 class=\"elementor-post__title\">\n\t\t\t<a href=\"https:\/\/mespiecesautoparts.ca\/en\/2026\/03\/16\/les-avantages-dacheter-vos-pieces-automobiles-dans-un-magasin-specialise\/\" >\n\t\t\t\tThe benefits of buying your auto parts from a specialty store!\t\t\t<\/a>\n\t\t<\/h3>\n\t\t\n\t\t<a class=\"elementor-post__read-more\" href=\"https:\/\/mespiecesautoparts.ca\/en\/2026\/03\/16\/les-avantages-dacheter-vos-pieces-automobiles-dans-un-magasin-specialise\/\" aria-label=\"Read more about Les avantages d\u2019acheter vos pi\u00e8ces automobiles dans un magasin sp\u00e9cialis\u00e9!\" tabindex=\"-1\" >\n\t\t\tREAD THE REST \u00bb\t\t<\/a>\n\n\t\t\t\t<\/div>\n\t\t\t\t\t<\/div>\n\t\t<\/article>\n\t\t\t\t<article class=\"elementor-post elementor-grid-item post-595 post type-post status-publish format-standard hentry category-uncategorized\" role=\"listitem\">\n\t\t\t<div class=\"elementor-post__card\">\n\t\t\t\t<div class=\"elementor-post__text\">\n\t\t\t\t<h3 class=\"elementor-post__title\">\n\t\t\t<a href=\"https:\/\/mespiecesautoparts.ca\/en\/2026\/03\/16\/les-pieces-automobiles-qui-doivent-etre-remplacees-le-plus-souvent\/\" >\n\t\t\t\tAuto parts that need to be replaced most often!\t\t\t<\/a>\n\t\t<\/h3>\n\t\t\n\t\t<a class=\"elementor-post__read-more\" href=\"https:\/\/mespiecesautoparts.ca\/en\/2026\/03\/16\/les-pieces-automobiles-qui-doivent-etre-remplacees-le-plus-souvent\/\" aria-label=\"Read more about Les pi\u00e8ces automobiles qui doivent \u00eatre remplac\u00e9es le plus souvent!\" tabindex=\"-1\" >\n\t\t\tREAD THE REST \u00bb\t\t<\/a>\n\n\t\t\t\t<\/div>\n\t\t\t\t\t<\/div>\n\t\t<\/article>\n\t\t\t\t<\/div>\n\t\t\n\t\t\t\t\t\t<\/div>\n\t\t\t\t<\/div>\n\t\t\t\t\t<\/div>\n\t\t\t\t<\/div>\n\t\t<div class=\"elementor-element elementor-element-16bf62e8 e-flex e-con-boxed e-con e-parent\" data-id=\"16bf62e8\" data-element_type=\"container\" data-e-type=\"container\" data-settings=\"{&quot;background_background&quot;:&quot;classic&quot;}\">\n\t\t\t\t\t<div class=\"e-con-inner\">\n\t\t<div class=\"elementor-element elementor-element-372bd85f e-con-full e-flex e-con e-child\" data-id=\"372bd85f\" data-element_type=\"container\" data-e-type=\"container\">\n\t\t\t\t<div class=\"elementor-element elementor-element-2e5a0d4e elementor-widget__width-initial elementor-widget elementor-widget-heading\" data-id=\"2e5a0d4e\" data-element_type=\"widget\" data-e-type=\"widget\" data-widget_type=\"heading.default\">\n\t\t\t\t\t<h2 class=\"elementor-heading-title elementor-size-default\">QUESTIONS?<\/h2>\t\t\t\t<\/div>\n\t\t\t\t<\/div>\n\t\t<div class=\"elementor-element elementor-element-56605f73 e-con-full e-flex e-con e-child\" data-id=\"56605f73\" data-element_type=\"container\" data-e-type=\"container\">\n\t\t\t\t<div class=\"elementor-element elementor-element-339c0047 elementor-widget elementor-widget-button\" data-id=\"339c0047\" data-element_type=\"widget\" data-e-type=\"widget\" data-widget_type=\"button.default\">\n\t\t\t\t\t\t\t\t\t\t<a class=\"elementor-button elementor-button-link elementor-size-sm\" href=\"#\">\n\t\t\t\t\t\t<span class=\"elementor-button-content-wrapper\">\n\t\t\t\t\t\t<span class=\"elementor-button-icon\">\n\t\t\t\t<svg aria-hidden=\"true\" class=\"e-font-icon-svg e-fas-phone-alt\" viewbox=\"0 0 512 512\" xmlns=\"http:\/\/www.w3.org\/2000\/svg\"><path d=\"M497.39 361.8l-112-48a24 24 0 0 0-28 6.9l-49.6 60.6A370.66 370.66 0 0 1 130.6 204.11l60.6-49.6a23.94 23.94 0 0 0 6.9-28l-48-112A24.16 24.16 0 0 0 122.6.61l-104 24A24 24 0 0 0 0 48c0 256.5 207.9 464 464 464a24 24 0 0 0 23.4-18.6l24-104a24.29 24.29 0 0 0-14.01-27.6z\"><\/path><\/svg>\t\t\t<\/span>\n\t\t\t\t\t\t\t\t\t<span class=\"elementor-button-text\">CALL US<\/span>\n\t\t\t\t\t<\/span>\n\t\t\t\t\t<\/a>\n\t\t\t\t\t\t\t\t<\/div>\n\t\t\t\t<\/div>\n\t\t\t\t\t<\/div>\n\t\t\t\t<\/div>\n\t\t\t\t<\/div>","protected":false},"excerpt":{"rendered":"<p>NOS ARTICLES DE BLOG DES QUESTIONS? NOUS APPELER<\/p>","protected":false},"author":252898261,"featured_media":0,"parent":0,"menu_order":0,"comment_status":"closed","ping_status":"closed","template":"","meta":{"_crdt_document":"","footnotes":""},"class_list":["post-650","page","type-page","status-publish","hentry"],"yoast_head":"<!-- This site is optimized with the Yoast SEO plugin v27.5 - https:\/\/yoast.com\/product\/yoast-seo-wordpress\/ -->\n<title>BLOG - Mes Pi\u00e8ces Autoparts<\/title>\n<meta name=\"robots\" content=\"index, follow, max-snippet:-1, max-image-preview:large, max-video-preview:-1\" \/>\n<link rel=\"canonical\" href=\"https:\/\/mespiecesautoparts.ca\/en\/blog\/\" \/>\n<meta property=\"og:locale\" content=\"en_US\" \/>\n<meta property=\"og:type\" content=\"article\" \/>\n<meta property=\"og:title\" content=\"BLOG - Mes Pi\u00e8ces Autoparts\" \/>\n<meta property=\"og:description\" content=\"NOS ARTICLES DE BLOG DES QUESTIONS? NOUS APPELER\" \/>\n<meta property=\"og:url\" content=\"https:\/\/mespiecesautoparts.ca\/en\/blog\/\" \/>\n<meta property=\"og:site_name\" content=\"Mes Pi\u00e8ces Autoparts\" \/>\n<meta property=\"article:publisher\" content=\"https:\/\/www.facebook.com\/profile.php?id=100063082578125\" \/>\n<meta property=\"article:modified_time\" content=\"2026-03-23T04:41:02+00:00\" \/>\n<meta property=\"og:image\" content=\"https:\/\/mespiecesautoparts.ca\/wp-content\/uploads\/2026\/03\/MESPIECESPHOTOSITE-33-731x1024.jpg\" \/>\n\t<meta property=\"og:image:width\" content=\"731\" \/>\n\t<meta property=\"og:image:height\" content=\"1024\" \/>\n\t<meta property=\"og:image:type\" content=\"image\/jpeg\" \/>\n<meta name=\"twitter:card\" content=\"summary_large_image\" \/>\n<script type=\"application\/ld+json\" class=\"yoast-schema-graph\">{\"@context\":\"https:\\\/\\\/schema.org\",\"@graph\":[{\"@type\":\"WebPage\",\"@id\":\"https:\\\/\\\/mespiecesautoparts.ca\\\/blog\\\/\",\"url\":\"https:\\\/\\\/mespiecesautoparts.ca\\\/blog\\\/\",\"name\":\"BLOG - Mes Pi\u00e8ces Autoparts\",\"isPartOf\":{\"@id\":\"https:\\\/\\\/mespiecesautoparts.ca\\\/#website\"},\"datePublished\":\"2026-03-16T16:18:23+00:00\",\"dateModified\":\"2026-03-23T04:41:02+00:00\",\"breadcrumb\":{\"@id\":\"https:\\\/\\\/mespiecesautoparts.ca\\\/blog\\\/#breadcrumb\"},\"inLanguage\":\"en-CA\",\"potentialAction\":[{\"@type\":\"ReadAction\",\"target\":[\"https:\\\/\\\/mespiecesautoparts.ca\\\/blog\\\/\"]}]},{\"@type\":\"BreadcrumbList\",\"@id\":\"https:\\\/\\\/mespiecesautoparts.ca\\\/blog\\\/#breadcrumb\",\"itemListElement\":[{\"@type\":\"ListItem\",\"position\":1,\"name\":\"Accueil\",\"item\":\"https:\\\/\\\/mespiecesautoparts.ca\\\/\"},{\"@type\":\"ListItem\",\"position\":2,\"name\":\"BLOG\"}]},{\"@type\":\"WebSite\",\"@id\":\"https:\\\/\\\/mespiecesautoparts.ca\\\/#website\",\"url\":\"https:\\\/\\\/mespiecesautoparts.ca\\\/\",\"name\":\"Mes Pi\u00e8ces Autoparts\",\"description\":\"Votre r\u00e9f\u00e9rence pour les pi\u00e8ces dans l&#039;Outaouais.\",\"publisher\":{\"@id\":\"https:\\\/\\\/mespiecesautoparts.ca\\\/#organization\"},\"potentialAction\":[{\"@type\":\"SearchAction\",\"target\":{\"@type\":\"EntryPoint\",\"urlTemplate\":\"https:\\\/\\\/mespiecesautoparts.ca\\\/?s={search_term_string}\"},\"query-input\":{\"@type\":\"PropertyValueSpecification\",\"valueRequired\":true,\"valueName\":\"search_term_string\"}}],\"inLanguage\":\"en-CA\"},{\"@type\":\"Organization\",\"@id\":\"https:\\\/\\\/mespiecesautoparts.ca\\\/#organization\",\"name\":\"Mes Pi\u00e8ces Autoparts\",\"url\":\"https:\\\/\\\/mespiecesautoparts.ca\\\/\",\"logo\":{\"@type\":\"ImageObject\",\"inLanguage\":\"en-CA\",\"@id\":\"https:\\\/\\\/mespiecesautoparts.ca\\\/#\\\/schema\\\/logo\\\/image\\\/\",\"url\":\"https:\\\/\\\/mespiecesautoparts.ca\\\/wp-content\\\/uploads\\\/2026\\\/02\\\/LOGO-Mes-Pieces-Autoparts-350x100-1.svg\",\"contentUrl\":\"https:\\\/\\\/mespiecesautoparts.ca\\\/wp-content\\\/uploads\\\/2026\\\/02\\\/LOGO-Mes-Pieces-Autoparts-350x100-1.svg\",\"width\":350,\"height\":100,\"caption\":\"Mes Pi\u00e8ces Autoparts\"},\"image\":{\"@id\":\"https:\\\/\\\/mespiecesautoparts.ca\\\/#\\\/schema\\\/logo\\\/image\\\/\"},\"sameAs\":[\"https:\\\/\\\/www.facebook.com\\\/profile.php?id=100063082578125\"]}]}<\/script>\n<!-- \/ Yoast SEO plugin. -->","yoast_head_json":{"title":"BLOG - Mes Pi\u00e8ces Autoparts","robots":{"index":"index","follow":"follow","max-snippet":"max-snippet:-1","max-image-preview":"max-image-preview:large","max-video-preview":"max-video-preview:-1"},"canonical":"https:\/\/mespiecesautoparts.ca\/en\/blog\/","og_locale":"en_US","og_type":"article","og_title":"BLOG - Mes Pi\u00e8ces Autoparts","og_description":"NOS ARTICLES DE BLOG DES QUESTIONS? NOUS APPELER","og_url":"https:\/\/mespiecesautoparts.ca\/en\/blog\/","og_site_name":"Mes Pi\u00e8ces Autoparts","article_publisher":"https:\/\/www.facebook.com\/profile.php?id=100063082578125","article_modified_time":"2026-03-23T04:41:02+00:00","og_image":[{"width":731,"height":1024,"url":"https:\/\/mespiecesautoparts.ca\/wp-content\/uploads\/2026\/03\/MESPIECESPHOTOSITE-33-731x1024.jpg","type":"image\/jpeg"}],"twitter_card":"summary_large_image","schema":{"@context":"https:\/\/schema.org","@graph":[{"@type":"WebPage","@id":"https:\/\/mespiecesautoparts.ca\/blog\/","url":"https:\/\/mespiecesautoparts.ca\/blog\/","name":"BLOG - Mes Pi\u00e8ces Autoparts","isPartOf":{"@id":"https:\/\/mespiecesautoparts.ca\/#website"},"datePublished":"2026-03-16T16:18:23+00:00","dateModified":"2026-03-23T04:41:02+00:00","breadcrumb":{"@id":"https:\/\/mespiecesautoparts.ca\/blog\/#breadcrumb"},"inLanguage":"en-CA","potentialAction":[{"@type":"ReadAction","target":["https:\/\/mespiecesautoparts.ca\/blog\/"]}]},{"@type":"BreadcrumbList","@id":"https:\/\/mespiecesautoparts.ca\/blog\/#breadcrumb","itemListElement":[{"@type":"ListItem","position":1,"name":"Accueil","item":"https:\/\/mespiecesautoparts.ca\/"},{"@type":"ListItem","position":2,"name":"BLOG"}]},{"@type":"WebSite","@id":"https:\/\/mespiecesautoparts.ca\/#website","url":"https:\/\/mespiecesautoparts.ca\/","name":"Mes Pi\u00e8ces Autoparts","description":"Votre r\u00e9f\u00e9rence pour les pi\u00e8ces dans l&#039;Outaouais.","publisher":{"@id":"https:\/\/mespiecesautoparts.ca\/#organization"},"potentialAction":[{"@type":"SearchAction","target":{"@type":"EntryPoint","urlTemplate":"https:\/\/mespiecesautoparts.ca\/?s={search_term_string}"},"query-input":{"@type":"PropertyValueSpecification","valueRequired":true,"valueName":"search_term_string"}}],"inLanguage":"en-CA"},{"@type":"Organization","@id":"https:\/\/mespiecesautoparts.ca\/#organization","name":"Mes Pi\u00e8ces Autoparts","url":"https:\/\/mespiecesautoparts.ca\/","logo":{"@type":"ImageObject","inLanguage":"en-CA","@id":"https:\/\/mespiecesautoparts.ca\/#\/schema\/logo\/image\/","url":"https:\/\/mespiecesautoparts.ca\/wp-content\/uploads\/2026\/02\/LOGO-Mes-Pieces-Autoparts-350x100-1.svg","contentUrl":"https:\/\/mespiecesautoparts.ca\/wp-content\/uploads\/2026\/02\/LOGO-Mes-Pieces-Autoparts-350x100-1.svg","width":350,"height":100,"caption":"Mes Pi\u00e8ces Autoparts"},"image":{"@id":"https:\/\/mespiecesautoparts.ca\/#\/schema\/logo\/image\/"},"sameAs":["https:\/\/www.facebook.com\/profile.php?id=100063082578125"]}]}},"jetpack_shortlink":"https:\/\/wp.me\/Ph2adi-au","jetpack_sharing_enabled":true,"_links":{"self":[{"href":"https:\/\/mespiecesautoparts.ca\/en\/wp-json\/wp\/v2\/pages\/650","targetHints":{"allow":["GET"]}}],"collection":[{"href":"https:\/\/mespiecesautoparts.ca\/en\/wp-json\/wp\/v2\/pages"}],"about":[{"href":"https:\/\/mespiecesautoparts.ca\/en\/wp-json\/wp\/v2\/types\/page"}],"author":[{"embeddable":true,"href":"https:\/\/mespiecesautoparts.ca\/en\/wp-json\/wp\/v2\/users\/252898261"}],"replies":[{"embeddable":true,"href":"https:\/\/mespiecesautoparts.ca\/en\/wp-json\/wp\/v2\/comments?post=650"}],"version-history":[{"count":23,"href":"https:\/\/mespiecesautoparts.ca\/en\/wp-json\/wp\/v2\/pages\/650\/revisions"}],"predecessor-version":[{"id":697,"href":"https:\/\/mespiecesautoparts.ca\/en\/wp-json\/wp\/v2\/pages\/650\/revisions\/697"}],"wp:attachment":[{"href":"https:\/\/mespiecesautoparts.ca\/en\/wp-json\/wp\/v2\/media?parent=650"}],"curies":[{"name":"wp","href":"https:\/\/api.w.org\/{rel}","templated":true}]}}